{"id":2798,"date":"2023-01-18T11:09:38","date_gmt":"2023-01-18T10:09:38","guid":{"rendered":"https:\/\/dominik-matzka.de\/?page_id=2798"},"modified":"2025-12-10T22:24:36","modified_gmt":"2025-12-10T21:24:36","slug":"live","status":"publish","type":"page","link":"https:\/\/dominik-matzka.de\/en\/live\/","title":{"rendered":"Live"},"content":{"rendered":"\n<div class=\"wp-block-columns is-layout-flex wp-container-core-columns-is-layout-1 wp-block-columns-is-layout-flex\">\n<div class=\"wp-block-column is-layout-flow wp-block-column-is-layout-flow\">\n<blockquote class=\"wp-block-quote is-layout-flow wp-block-quote-is-layout-flow\">\n<p>Dominiks Songs haben etwas Hypnotisches an sich. Durch ein paar Akkorde wird man in einen Trancezustand versetzt, \u00e4hnlich wie bei Meredith Monk.<\/p>\n<cite>Ein Konzertbesucher<\/cite><\/blockquote>\n<\/div>\n\n\n\n<div class=\"wp-block-column is-vertically-aligned-center is-layout-flow wp-block-column-is-layout-flow\">\n\n\n\n<p class=\"has-text-align-right\"><em>Was ist dann los &#8211; Live (2024)<\/em><\/p>\n<\/div>\n<\/div>\n\n\n\n<p class=\"has-drop-cap\">Wie seine in allen Farben schillernden Produktionen, so fluoreszieren auch Dominik Matzkas B\u00fchnenauftritte zwischen selbstgemachtem Indie-Deutschpop, eigener Filmmusik, Instrumentals und Improvisationen. Der Freiburger Songwriter und Filmkomponist beschr\u00e4nkt sich live oft auf ein Klavier, seine Stim\u00adme und ein paar klangliche Extras. Lyrische Texte, verschlungene Melodien, intime bis sph\u00e4rische Arrangements \u2013 Das sind die Hauptzu\u00adtaten seiner Songs. Die wichtigste Zutat aber entsteht immer neu: Der lebendige Kontakt mit dem Publikum.<\/p>\n\n\n\n\n\n\n<hr class=\"wp-block-separator has-alpha-channel-opacity\"\/>\n\n\n\n<div class=\"wp-block-columns is-layout-flex wp-container-core-columns-is-layout-2 wp-block-columns-is-layout-flex\">\n<div class=\"wp-block-column is-layout-flow wp-block-column-is-layout-flow\">\n\n\n\n<p><em>Impro mit Publikum<\/em><\/p>\n<\/div>\n\n\n\n<div class=\"wp-block-column is-layout-flow wp-block-column-is-layout-flow\">\n\n\n\n<p class=\"has-text-align-right\"><em>weaving notes<\/em> &#8211; <em>Instrumental<\/em><\/p>\n<\/div>\n<\/div>\n\n\n\n<h3 class=\"wp-block-heading has-black-color has-text-color\"><strong>Konzertprogramm 2024 <\/strong><br><strong>KEINE ZEIT F\u00dcR UNGEDULD<\/strong><\/h3>\n\n\n\n<p><strong>Dauer: 2 x 45 Minuten<\/strong><\/p>\n\n\n\n<div class=\"wp-block-columns is-layout-flex wp-container-core-columns-is-layout-4 wp-block-columns-is-layout-flex\">\n<div class=\"wp-block-column is-layout-flow wp-block-column-is-layout-flow\">\n<div class=\"wp-block-columns is-layout-flex wp-container-core-columns-is-layout-3 wp-block-columns-is-layout-flex\">\n<div class=\"wp-block-column is-layout-flow wp-block-column-is-layout-flow\">\n<figure class=\"wp-block-image size-large\"><img loading=\"lazy\" decoding=\"async\" width=\"1024\" height=\"676\" src=\"https:\/\/dominik-matzka.de\/wp-content\/uploads\/2024\/10\/241006_Keine-Zeit-fuer-Ungeduld_Wand_farbig_ganz-1024x676.jpg\" alt=\"\" class=\"wp-image-3204\" srcset=\"https:\/\/dominik-matzka.de\/wp-content\/uploads\/2024\/10\/241006_Keine-Zeit-fuer-Ungeduld_Wand_farbig_ganz-1024x676.jpg 1024w, https:\/\/dominik-matzka.de\/wp-content\/uploads\/2024\/10\/241006_Keine-Zeit-fuer-Ungeduld_Wand_farbig_ganz-600x396.jpg 600w, https:\/\/dominik-matzka.de\/wp-content\/uploads\/2024\/10\/241006_Keine-Zeit-fuer-Ungeduld_Wand_farbig_ganz-300x198.jpg 300w, https:\/\/dominik-matzka.de\/wp-content\/uploads\/2024\/10\/241006_Keine-Zeit-fuer-Ungeduld_Wand_farbig_ganz-768x507.jpg 768w, https:\/\/dominik-matzka.de\/wp-content\/uploads\/2024\/10\/241006_Keine-Zeit-fuer-Ungeduld_Wand_farbig_ganz.jpg 1123w\" sizes=\"(max-width: 1024px) 100vw, 1024px\" \/><\/figure>\n<\/div>\n\n\n\n<div class=\"wp-block-column is-layout-flow wp-block-column-is-layout-flow\">\n<p>Wer w\u00fcsste wohl besser als junge Erwachsene, was Ungeduld ist? Nichts ist schlimmer, als viel Zeit zu haben und dabei nicht zu wissen, wo der eigene Platz im Leben ist. Insbesondere, wenn die Welt Kopf steht und keiner eigentlich genau wei\u00df, was gerade wichtig, heilsam und politisch notwendig ist.<\/p>\n\n\n\n<p>\u201eKeine Zeit f\u00fcr Ungeduld\u201c dr\u00fcckt den Finger in diese Wunde \u2013 und kommt zu \u00fcberraschenden<br>Ergebnissen.<\/p>\n\n\n\n<p>Dominiks erstes abendf\u00fcllendes Soloprogramm ist ein bunter Blumenstrau\u00df: Selbstgeschriebene Songs laden zum Tr\u00e4umen und Mitsingen ein. Den Kontrast dazu bilden instrumentale St\u00fccke aus<br>seinem Klavieralbum \u201eCloud Hands\u201c. Das Ganze wird umrahmt von mystisch anmutender Filmmusik aus Dominiks Soundtrack zum Experimentalfilm \u201eSuicare\u201c.<\/p>\n<\/div>\n<\/div>\n<\/div>\n<\/div>\n\n\n\n<h3 class=\"wp-block-heading has-text-align-left\">Releases<\/h3>\n\n\n\n<p class=\"has-text-align-center\"><strong>Offene Augen<\/strong>&nbsp;&#8211; 01\/2022, Video-Single<br><strong>Interview<\/strong>&nbsp;&#8211; 01\/2023, Single<br><strong>Kleiner Mensch<\/strong>&nbsp;&#8211; 01\/2023, Single<br><strong>Die Siebenschnabelwand<\/strong>&nbsp;&#8211; 01\/2023, Single<br><strong>Untersberg<\/strong>&nbsp;&#8211; 02\/2023, EP<br><strong>Was ist dann los<\/strong> &#8211; 05\/2023, Single<br><strong>Ph\u00f6nixkleid<\/strong> &#8211; 04\/2024, Single<br><strong>Schwimmstunde <\/strong>&#8211; 11\/2024, Single<br><strong>Cloud Hands<\/strong> &#8211; 03\/2025, Klavieralbum<\/p>\n\n\n\n<div class=\"wp-block-columns is-layout-flex wp-container-core-columns-is-layout-5 wp-block-columns-is-layout-flex\">\n<div class=\"wp-block-column is-layout-flow wp-block-column-is-layout-flow\" style=\"flex-basis:66.66%\"><\/div>\n\n\n\n<div class=\"wp-block-column is-layout-flow wp-block-column-is-layout-flow\" style=\"flex-basis:33.33%\">\n<iframe style=\"border: 0; width: 400px; height: 472px;\" src=\"https:\/\/bandcamp.com\/EmbeddedPlayer\/album=804441013\/size=large\/bgcol=ffffff\/linkcol=e99708\/artwork=small\/transparent=true\/\" seamless><a href=\"https:\/\/dominikmatzka.bandcamp.com\/album\/cloud-hands\">cloud hands by Dominik Matzka<\/a><\/iframe>\n<\/div>\n<\/div>\n\n\n\n<hr class=\"wp-block-separator has-alpha-channel-opacity\"\/>\n\n\n\n<div class=\"wp-block-columns is-layout-flex wp-container-core-columns-is-layout-6 wp-block-columns-is-layout-flex\">\n<div class=\"wp-block-column is-layout-flow wp-block-column-is-layout-flow\">\n<figure class=\"wp-block-gallery has-nested-images columns-default is-cropped wp-block-gallery-1 is-layout-flex wp-block-gallery-is-layout-flex\">\n<figure class=\"wp-block-image size-full\"><img loading=\"lazy\" decoding=\"async\" width=\"720\" height=\"960\" data-id=\"2802\" src=\"https:\/\/dominik-matzka.de\/wp-content\/uploads\/2023\/01\/DM_Klavier-2.jpg\" alt=\"\" class=\"wp-image-2802\" srcset=\"https:\/\/dominik-matzka.de\/wp-content\/uploads\/2023\/01\/DM_Klavier-2.jpg 720w, https:\/\/dominik-matzka.de\/wp-content\/uploads\/2023\/01\/DM_Klavier-2-600x800.jpg 600w, https:\/\/dominik-matzka.de\/wp-content\/uploads\/2023\/01\/DM_Klavier-2-225x300.jpg 225w\" sizes=\"(max-width: 720px) 100vw, 720px\" \/><\/figure>\n\n\n\n<figure class=\"wp-block-image size-large\"><img loading=\"lazy\" decoding=\"async\" width=\"1024\" height=\"731\" data-id=\"1557\" src=\"https:\/\/dominik-matzka.de\/wp-content\/uploads\/2020\/09\/IMG_5267_dreh-1024x731.jpg\" alt=\"\" class=\"wp-image-1557\" srcset=\"https:\/\/dominik-matzka.de\/wp-content\/uploads\/2020\/09\/IMG_5267_dreh-1024x731.jpg 1024w, https:\/\/dominik-matzka.de\/wp-content\/uploads\/2020\/09\/IMG_5267_dreh-scaled-600x428.jpg 600w, https:\/\/dominik-matzka.de\/wp-content\/uploads\/2020\/09\/IMG_5267_dreh-300x214.jpg 300w, https:\/\/dominik-matzka.de\/wp-content\/uploads\/2020\/09\/IMG_5267_dreh-768x549.jpg 768w, https:\/\/dominik-matzka.de\/wp-content\/uploads\/2020\/09\/IMG_5267_dreh-1536x1097.jpg 1536w, https:\/\/dominik-matzka.de\/wp-content\/uploads\/2020\/09\/IMG_5267_dreh-2048x1463.jpg 2048w, https:\/\/dominik-matzka.de\/wp-content\/uploads\/2020\/09\/IMG_5267_dreh-1240x886.jpg 1240w, https:\/\/dominik-matzka.de\/wp-content\/uploads\/2020\/09\/IMG_5267_dreh-508x363.jpg 508w\" sizes=\"(max-width: 1024px) 100vw, 1024px\" \/><\/figure>\n\n\n\n<figure class=\"wp-block-image size-large\"><img loading=\"lazy\" decoding=\"async\" width=\"1024\" height=\"576\" data-id=\"2041\" src=\"https:\/\/dominik-matzka.de\/wp-content\/uploads\/2022\/03\/AmpsFactory_1-1024x576.jpg\" alt=\"\" class=\"wp-image-2041\" srcset=\"https:\/\/dominik-matzka.de\/wp-content\/uploads\/2022\/03\/AmpsFactory_1-1024x576.jpg 1024w, https:\/\/dominik-matzka.de\/wp-content\/uploads\/2022\/03\/AmpsFactory_1-600x338.jpg 600w, https:\/\/dominik-matzka.de\/wp-content\/uploads\/2022\/03\/AmpsFactory_1-300x169.jpg 300w, https:\/\/dominik-matzka.de\/wp-content\/uploads\/2022\/03\/AmpsFactory_1-768x432.jpg 768w, https:\/\/dominik-matzka.de\/wp-content\/uploads\/2022\/03\/AmpsFactory_1-1536x864.jpg 1536w, https:\/\/dominik-matzka.de\/wp-content\/uploads\/2022\/03\/AmpsFactory_1-1240x698.jpg 1240w, https:\/\/dominik-matzka.de\/wp-content\/uploads\/2022\/03\/AmpsFactory_1-508x286.jpg 508w, https:\/\/dominik-matzka.de\/wp-content\/uploads\/2022\/03\/AmpsFactory_1.jpg 1920w\" sizes=\"(max-width: 1024px) 100vw, 1024px\" \/><\/figure>\n\n\n\n<figure class=\"wp-block-image size-large\"><img loading=\"lazy\" decoding=\"async\" width=\"1024\" height=\"686\" data-id=\"2533\" src=\"https:\/\/dominik-matzka.de\/wp-content\/uploads\/2022\/11\/DOMiNiK_MATZKA_by_MiNZKUNST0013a-1024x686.jpg\" alt=\"\" class=\"wp-image-2533\" srcset=\"https:\/\/dominik-matzka.de\/wp-content\/uploads\/2022\/11\/DOMiNiK_MATZKA_by_MiNZKUNST0013a-1024x686.jpg 1024w, https:\/\/dominik-matzka.de\/wp-content\/uploads\/2022\/11\/DOMiNiK_MATZKA_by_MiNZKUNST0013a-scaled-600x402.jpg 600w, https:\/\/dominik-matzka.de\/wp-content\/uploads\/2022\/11\/DOMiNiK_MATZKA_by_MiNZKUNST0013a-300x201.jpg 300w, https:\/\/dominik-matzka.de\/wp-content\/uploads\/2022\/11\/DOMiNiK_MATZKA_by_MiNZKUNST0013a-768x514.jpg 768w, https:\/\/dominik-matzka.de\/wp-content\/uploads\/2022\/11\/DOMiNiK_MATZKA_by_MiNZKUNST0013a-1536x1029.jpg 1536w, https:\/\/dominik-matzka.de\/wp-content\/uploads\/2022\/11\/DOMiNiK_MATZKA_by_MiNZKUNST0013a-2048x1372.jpg 2048w\" sizes=\"(max-width: 1024px) 100vw, 1024px\" \/><\/figure>\n\n\n\n<figure class=\"wp-block-image size-large\"><img loading=\"lazy\" decoding=\"async\" width=\"1558\" height=\"1113\" data-id=\"2146\" src=\"https:\/\/dominik-matzka.de\/wp-content\/uploads\/2022\/07\/IMG_5273-komp.jpg\" alt=\"\" class=\"wp-image-2146\" srcset=\"https:\/\/dominik-matzka.de\/wp-content\/uploads\/2022\/07\/IMG_5273-komp.jpg 1558w, https:\/\/dominik-matzka.de\/wp-content\/uploads\/2022\/07\/IMG_5273-komp-600x429.jpg 600w, https:\/\/dominik-matzka.de\/wp-content\/uploads\/2022\/07\/IMG_5273-komp-300x214.jpg 300w, https:\/\/dominik-matzka.de\/wp-content\/uploads\/2022\/07\/IMG_5273-komp-1024x732.jpg 1024w, https:\/\/dominik-matzka.de\/wp-content\/uploads\/2022\/07\/IMG_5273-komp-768x549.jpg 768w, https:\/\/dominik-matzka.de\/wp-content\/uploads\/2022\/07\/IMG_5273-komp-1536x1097.jpg 1536w, https:\/\/dominik-matzka.de\/wp-content\/uploads\/2022\/07\/IMG_5273-komp-1240x886.jpg 1240w, https:\/\/dominik-matzka.de\/wp-content\/uploads\/2022\/07\/IMG_5273-komp-508x363.jpg 508w\" sizes=\"(max-width: 1558px) 100vw, 1558px\" \/><\/figure>\n<\/figure>\n<\/div>\n\n\n\n<div class=\"wp-block-column is-layout-flow wp-block-column-is-layout-flow\">\n<blockquote class=\"wp-block-quote is-layout-flow wp-block-quote-is-layout-flow\">\n<p>Deine Musik gibt mir etwas, das ich schon fast vergessen hatte&#8230; Sie hat eine Qualit\u00e4t und Tiefe, die ich sonst eher mit den 80ern oder 90ern verbinde.<\/p>\n<cite>Urs Bauch, Zuh\u00f6rer und Fan<\/cite><\/blockquote>\n\n\n\n<blockquote class=\"wp-block-quote is-layout-flow wp-block-quote-is-layout-flow\">\n<p>Wenn ich das n\u00e4chste Mal jemanden mit Depression treffe, spiele ich ihm <em>Kleiner Mensch<\/em> vor.<\/p>\n<cite>Michaela Kleber, Zuh\u00f6rerin<\/cite><\/blockquote>\n<\/div>\n<\/div>\n\n\n\n<hr class=\"wp-block-separator has-alpha-channel-opacity\"\/>\n\n\n\n<div class=\"wp-block-group\"><div class=\"wp-block-group__inner-container is-layout-constrained wp-block-group-is-layout-constrained\">\n<p class=\"has-text-align-center\">Bleiben wir in Kontakt?<\/p>\n\n\n\n<p class=\"has-text-align-center\"><strong>Booking-Anfragen:<\/strong><br>booking[at]dominik-matzka.de<\/p>\n\n\n\n<ul class=\"wp-block-social-links aligncenter has-large-icon-size is-content-justification-center is-layout-flex wp-container-core-social-links-is-layout-1 wp-block-social-links-is-layout-flex\"><li class=\"wp-social-link wp-social-link-instagram  wp-block-social-link\"><a href=\"https:\/\/www.instagram.com\/matzkadominik\/\" class=\"wp-block-social-link-anchor\"><svg width=\"24\" height=\"24\" viewBox=\"0 0 24 24\" version=\"1.1\" xmlns=\"http:\/\/www.w3.org\/2000\/svg\" aria-hidden=\"true\" focusable=\"false\"><path d=\"M12,4.622c2.403,0,2.688,0.009,3.637,0.052c0.877,0.04,1.354,0.187,1.671,0.31c0.42,0.163,0.72,0.358,1.035,0.673 c0.315,0.315,0.51,0.615,0.673,1.035c0.123,0.317,0.27,0.794,0.31,1.671c0.043,0.949,0.052,1.234,0.052,3.637 s-0.009,2.688-0.052,3.637c-0.04,0.877-0.187,1.354-0.31,1.671c-0.163,0.42-0.358,0.72-0.673,1.035 c-0.315,0.315-0.615,0.51-1.035,0.673c-0.317,0.123-0.794,0.27-1.671,0.31c-0.949,0.043-1.233,0.052-3.637,0.052 s-2.688-0.009-3.637-0.052c-0.877-0.04-1.354-0.187-1.671-0.31c-0.42-0.163-0.72-0.358-1.035-0.673 c-0.315-0.315-0.51-0.615-0.673-1.035c-0.123-0.317-0.27-0.794-0.31-1.671C4.631,14.688,4.622,14.403,4.622,12 s0.009-2.688,0.052-3.637c0.04-0.877,0.187-1.354,0.31-1.671c0.163-0.42,0.358-0.72,0.673-1.035 c0.315-0.315,0.615-0.51,1.035-0.673c0.317-0.123,0.794-0.27,1.671-0.31C9.312,4.631,9.597,4.622,12,4.622 M12,3 C9.556,3,9.249,3.01,8.289,3.054C7.331,3.098,6.677,3.25,6.105,3.472C5.513,3.702,5.011,4.01,4.511,4.511 c-0.5,0.5-0.808,1.002-1.038,1.594C3.25,6.677,3.098,7.331,3.054,8.289C3.01,9.249,3,9.556,3,12c0,2.444,0.01,2.751,0.054,3.711 c0.044,0.958,0.196,1.612,0.418,2.185c0.23,0.592,0.538,1.094,1.038,1.594c0.5,0.5,1.002,0.808,1.594,1.038 c0.572,0.222,1.227,0.375,2.185,0.418C9.249,20.99,9.556,21,12,21s2.751-0.01,3.711-0.054c0.958-0.044,1.612-0.196,2.185-0.418 c0.592-0.23,1.094-0.538,1.594-1.038c0.5-0.5,0.808-1.002,1.038-1.594c0.222-0.572,0.375-1.227,0.418-2.185 C20.99,14.751,21,14.444,21,12s-0.01-2.751-0.054-3.711c-0.044-0.958-0.196-1.612-0.418-2.185c-0.23-0.592-0.538-1.094-1.038-1.594 c-0.5-0.5-1.002-0.808-1.594-1.038c-0.572-0.222-1.227-0.375-2.185-0.418C14.751,3.01,14.444,3,12,3L12,3z M12,7.378 c-2.552,0-4.622,2.069-4.622,4.622S9.448,16.622,12,16.622s4.622-2.069,4.622-4.622S14.552,7.378,12,7.378z M12,15 c-1.657,0-3-1.343-3-3s1.343-3,3-3s3,1.343,3,3S13.657,15,12,15z M16.804,6.116c-0.596,0-1.08,0.484-1.08,1.08 s0.484,1.08,1.08,1.08c0.596,0,1.08-0.484,1.08-1.08S17.401,6.116,16.804,6.116z\"><\/path><\/svg><span class=\"wp-block-social-link-label screen-reader-text\">Instagram<\/span><\/a><\/li>\n\n<li class=\"wp-social-link wp-social-link-facebook  wp-block-social-link\"><a href=\"https:\/\/www.facebook.com\/matzkamusic\/\" class=\"wp-block-social-link-anchor\"><svg width=\"24\" height=\"24\" viewBox=\"0 0 24 24\" version=\"1.1\" xmlns=\"http:\/\/www.w3.org\/2000\/svg\" aria-hidden=\"true\" focusable=\"false\"><path d=\"M12 2C6.5 2 2 6.5 2 12c0 5 3.7 9.1 8.4 9.9v-7H7.9V12h2.5V9.8c0-2.5 1.5-3.9 3.8-3.9 1.1 0 2.2.2 2.2.2v2.5h-1.3c-1.2 0-1.6.8-1.6 1.6V12h2.8l-.4 2.9h-2.3v7C18.3 21.1 22 17 22 12c0-5.5-4.5-10-10-10z\"><\/path><\/svg><span class=\"wp-block-social-link-label screen-reader-text\">Facebook<\/span><\/a><\/li>\n\n<li class=\"wp-social-link wp-social-link-youtube  wp-block-social-link\"><a href=\"https:\/\/www.youtube.com\/@dominikmatzka2928\" class=\"wp-block-social-link-anchor\"><svg width=\"24\" height=\"24\" viewBox=\"0 0 24 24\" version=\"1.1\" xmlns=\"http:\/\/www.w3.org\/2000\/svg\" aria-hidden=\"true\" focusable=\"false\"><path d=\"M21.8,8.001c0,0-0.195-1.378-0.795-1.985c-0.76-0.797-1.613-0.801-2.004-0.847c-2.799-0.202-6.997-0.202-6.997-0.202 h-0.009c0,0-4.198,0-6.997,0.202C4.608,5.216,3.756,5.22,2.995,6.016C2.395,6.623,2.2,8.001,2.2,8.001S2,9.62,2,11.238v1.517 c0,1.618,0.2,3.237,0.2,3.237s0.195,1.378,0.795,1.985c0.761,0.797,1.76,0.771,2.205,0.855c1.6,0.153,6.8,0.201,6.8,0.201 s4.203-0.006,7.001-0.209c0.391-0.047,1.243-0.051,2.004-0.847c0.6-0.607,0.795-1.985,0.795-1.985s0.2-1.618,0.2-3.237v-1.517 C22,9.62,21.8,8.001,21.8,8.001z M9.935,14.594l-0.001-5.62l5.404,2.82L9.935,14.594z\"><\/path><\/svg><span class=\"wp-block-social-link-label screen-reader-text\">YouTube<\/span><\/a><\/li><\/ul>\n<\/div><\/div>\n","protected":false},"excerpt":{"rendered":"<p>Dominiks Songs haben etwas Hypnotisches an sich. Durch ein paar Akkorde wird man in einen Trancezustand versetzt, \u00e4hnlich wie bei<\/p>\n<p><a href=\"https:\/\/dominik-matzka.de\/en\/live\/\" class=\"more-link\">Continue reading&#8230;<span class=\"screen-reader-text\">Live<\/span><\/a><\/p>\n","protected":false},"author":1,"featured_media":0,"parent":0,"menu_order":0,"comment_status":"closed","ping_status":"closed","template":"","meta":{"footnotes":""},"class_list":["post-2798","page","type-page","status-publish","hentry"],"translation":{"provider":"WPGlobus","version":"3.0.2","language":"en","enabled_languages":["de","en"],"languages":{"de":{"title":true,"content":true,"excerpt":false},"en":{"title":false,"content":false,"excerpt":false}}},"_links":{"self":[{"href":"https:\/\/dominik-matzka.de\/en\/wp-json\/wp\/v2\/pages\/2798"}],"collection":[{"href":"https:\/\/dominik-matzka.de\/en\/wp-json\/wp\/v2\/pages"}],"about":[{"href":"https:\/\/dominik-matzka.de\/en\/wp-json\/wp\/v2\/types\/page"}],"author":[{"embeddable":true,"href":"https:\/\/dominik-matzka.de\/en\/wp-json\/wp\/v2\/users\/1"}],"replies":[{"embeddable":true,"href":"https:\/\/dominik-matzka.de\/en\/wp-json\/wp\/v2\/comments?post=2798"}],"version-history":[{"count":101,"href":"https:\/\/dominik-matzka.de\/en\/wp-json\/wp\/v2\/pages\/2798\/revisions"}],"predecessor-version":[{"id":3964,"href":"https:\/\/dominik-matzka.de\/en\/wp-json\/wp\/v2\/pages\/2798\/revisions\/3964"}],"wp:attachment":[{"href":"https:\/\/dominik-matzka.de\/en\/wp-json\/wp\/v2\/media?parent=2798"}],"curies":[{"name":"wp","href":"https:\/\/api.w.org\/{rel}","templated":true}]}}